{"id":37769,"date":"2024-03-27T15:12:09","date_gmt":"2024-03-27T14:12:09","guid":{"rendered":"https:\/\/a-travers-sales.ch\/fr\/?page_id=37769"},"modified":"2026-05-04T10:23:06","modified_gmt":"2026-05-04T08:23:06","slug":"inscriptions-2026","status":"publish","type":"page","link":"https:\/\/a-travers-sales.ch\/fr\/inscriptions-2026\/","title":{"rendered":"Inscriptions 2026"},"content":{"rendered":"\t\t<div data-elementor-type=\"wp-page\" data-elementor-id=\"37769\" class=\"elementor elementor-37769\">\n\t\t\t\t<div class=\"elementor-element elementor-element-74ee284 e-flex e-con-boxed e-con e-parent\" data-id=\"74ee284\" data-element_type=\"container\" data-settings=\"{&quot;content_width&quot;:&quot;boxed&quot;}\" data-core-v316-plus=\"true\">\n\t\t\t\t\t<div class=\"e-con-inner\">\n\t\t<div class=\"elementor-element elementor-element-e560930 e-con-full e-flex e-con e-child\" data-id=\"e560930\" data-element_type=\"container\" data-settings=\"{&quot;content_width&quot;:&quot;full&quot;}\">\n\t\t\t\t<div class=\"elementor-element elementor-element-2f6a2997 elementor-widget elementor-widget-heading\" data-id=\"2f6a2997\" data-element_type=\"widget\" data-widget_type=\"heading.default\">\n\t\t\t\t<div class=\"elementor-widget-container\">\n\t\t\t<style>\/*! elementor - v3.19.0 - 29-01-2024 *\/\n.elementor-heading-title{padding:0;margin:0;line-height:1}.elementor-widget-heading .elementor-heading-title[class*=elementor-size-]>a{color:inherit;font-size:inherit;line-height:inherit}.elementor-widget-heading .elementor-heading-title.elementor-size-small{font-size:15px}.elementor-widget-heading .elementor-heading-title.elementor-size-medium{font-size:19px}.elementor-widget-heading .elementor-heading-title.elementor-size-large{font-size:29px}.elementor-widget-heading .elementor-heading-title.elementor-size-xl{font-size:39px}.elementor-widget-heading .elementor-heading-title.elementor-size-xxl{font-size:59px}<\/style><h2 class=\"elementor-heading-title elementor-size-default\">Inscriptions<\/h2>\t\t<\/div>\n\t\t\t\t<\/div>\n\t\t<div class=\"elementor-element elementor-element-51751a e-flex e-con-boxed e-con e-child\" data-id=\"51751a\" data-element_type=\"container\" data-settings=\"{&quot;content_width&quot;:&quot;boxed&quot;}\">\n\t\t\t\t\t<div class=\"e-con-inner\">\n\t\t\t\t<div class=\"elementor-element elementor-element-f88a96b elementor-widget elementor-widget-text-editor\" data-id=\"f88a96b\" data-element_type=\"widget\" data-widget_type=\"text-editor.default\">\n\t\t\t\t<div class=\"elementor-widget-container\">\n\t\t\t<style>\/*! elementor - v3.19.0 - 29-01-2024 *\/\n.elementor-widget-text-editor.elementor-drop-cap-view-stacked .elementor-drop-cap{background-color:#69727d;color:#fff}.elementor-widget-text-editor.elementor-drop-cap-view-framed .elementor-drop-cap{color:#69727d;border:3px solid;background-color:transparent}.elementor-widget-text-editor:not(.elementor-drop-cap-view-default) .elementor-drop-cap{margin-top:8px}.elementor-widget-text-editor:not(.elementor-drop-cap-view-default) .elementor-drop-cap-letter{width:1em;height:1em}.elementor-widget-text-editor .elementor-drop-cap{float:left;text-align:center;line-height:1;font-size:50px}.elementor-widget-text-editor .elementor-drop-cap-letter{display:inline-block}<\/style>\t\t\t\t<p style=\"font-variant-ligatures: normal; font-variant-caps: normal; font-size: 16px; font-family: Poppins, 'Helvetica Neue', Arial, sans-serif; font-style: normal; color: #111111;\">Les inscriptions pour la course \u00c0 Travers S\u00e2les seront ouvertes courant avril (restez connect\u00e9s sur les r\u00e9seaux !).<\/p><p style=\"font-variant-ligatures: normal; font-variant-caps: normal; font-size: 16px; font-family: Poppins, 'Helvetica Neue', Arial, sans-serif; font-style: normal; color: #111111;\">Nous nous r\u00e9jouissons de vous compter parmi nous pour cette 31e \u00e9dition ! \ud83c\udfc3\ud83c\udffb\u200d\u2642\ufe0f<\/p><p style=\"font-variant-ligatures: normal; font-variant-caps: normal; font-size: 16px; font-family: Poppins, 'Helvetica Neue', Arial, sans-serif; font-style: normal; color: #111111;\">(Le tableau des cat\u00e9gories figure au fond de cette page)<\/p>\t\t\t\t\t\t<\/div>\n\t\t\t\t<\/div>\n\t\t\t\t<div class=\"elementor-element elementor-element-3694e66d elementor-align-right elementor-widget elementor-widget-button\" data-id=\"3694e66d\" data-element_type=\"widget\" data-widget_type=\"button.default\">\n\t\t\t\t<div class=\"elementor-widget-container\">\n\t\t\t\t\t<div class=\"elementor-button-wrapper\">\n\t\t\t<a class=\"elementor-button elementor-button-link elementor-size-sm\" href=\"https:\/\/in.sptiming.com\/a_travers_sales?currentPage=select-competition\" target=\"_blank\">\n\t\t\t\t\t\t<span class=\"elementor-button-content-wrapper\">\n\t\t\t\t\t\t<span class=\"elementor-button-text\">INSCRIPTIONS<\/span>\n\t\t<\/span>\n\t\t\t\t\t<\/a>\n\t\t<\/div>\n\t\t\t\t<\/div>\n\t\t\t\t<\/div>\n\t\t\t\t<div class=\"elementor-element elementor-element-6f5b71e elementor-widget elementor-widget-text-editor\" data-id=\"6f5b71e\" data-element_type=\"widget\" data-widget_type=\"text-editor.default\">\n\t\t\t\t<div class=\"elementor-widget-container\">\n\t\t\t\t\t\t\t<p style=\"font-variant-ligatures: normal; font-variant-caps: normal; font-size: 16px; font-family: Poppins, 'Helvetica Neue', Arial, sans-serif; font-style: normal; color: #111111;\"><b>Inscription des clubs<br \/><\/b><span style=\"font-family: Poppins, 'Helvetica Neue', Arial, sans-serif; font-size: 16px; font-style: normal; font-variant-ligatures: normal; font-variant-caps: normal; font-weight: 400;\">Pour faciliter l&rsquo;inscription des clubs, il est possible de remplir un fichier excel (<a href=\"https:\/\/a-travers-sales.ch\/wp-content\/uploads\/2026\/04\/2026_course-sales_inscription-club.xlsx\">cliquez ici pour le t\u00e9l\u00e9charger<\/a>), et nous le renvoyer \u00e0 l&rsquo;adresse : <a href=\"mailto:course@a-travers-sales.ch\">course@a-travers-sales.ch<\/a><\/span><\/p><p style=\"font-variant-ligatures: normal; font-variant-caps: normal; font-size: 16px; font-family: Poppins, 'Helvetica Neue', Arial, sans-serif; font-style: normal; color: #111111;\"><b>Fermeture des inscriptions<br \/><\/b><span style=\"font-family: Poppins, 'Helvetica Neue', Arial, sans-serif; font-size: 16px; font-style: normal; font-variant-ligatures: normal; font-variant-caps: normal; font-weight: 400;\">Les inscriptions en ligne sont ouvertes jusqu\u2019au jeudi\u00a0<\/span><b style=\"font-family: Poppins, 'Helvetica Neue', Arial, sans-serif; font-size: 16px; font-style: normal; font-variant-ligatures: normal; font-variant-caps: normal;\">11 juin \u00e0 19H<\/b><span style=\"font-family: Poppins, 'Helvetica Neue', Arial, sans-serif; font-size: 16px; font-style: normal; font-variant-ligatures: normal; font-variant-caps: normal; font-weight: 400;\">.<\/span><\/p><p style=\"font-variant-ligatures: normal; font-variant-caps: normal; font-size: 16px; font-family: Poppins, 'Helvetica Neue', Arial, sans-serif; font-style: normal; font-weight: 400; color: #111111;\">Il est possible de s\u2019inscrire sur place jusqu\u2019\u00e0 30 minutes avant le d\u00e9part de la course.\u00a0<span style=\"font-family: Poppins, 'Helvetica Neue', Arial, sans-serif; font-size: 16px; font-style: normal; font-variant-ligatures: normal; font-variant-caps: normal; font-weight: 400;\">Cela implique une majoration de 5 CHF pour les adultes. Pas de majoration pour les enfants.<\/span><\/p>\t\t\t\t\t\t<\/div>\n\t\t\t\t<\/div>\n\t\t\t\t\t<\/div>\n\t\t\t\t<\/div>\n\t\t\t\t<\/div>\n\t\t<div class=\"elementor-element elementor-element-7bd0afd e-con-full e-flex e-con e-child\" data-id=\"7bd0afd\" data-element_type=\"container\" data-settings=\"{&quot;content_width&quot;:&quot;full&quot;}\">\n\t\t\t\t<\/div>\n\t\t\t\t\t<\/div>\n\t\t\t\t<\/div>\n\t\t<div class=\"elementor-element elementor-element-146826b e-flex e-con-boxed e-con e-parent\" data-id=\"146826b\" data-element_type=\"container\" data-settings=\"{&quot;content_width&quot;:&quot;boxed&quot;}\" data-core-v316-plus=\"true\">\n\t\t\t\t\t<div class=\"e-con-inner\">\n\t\t<div class=\"elementor-element elementor-element-cd9ee31 e-con-full e-flex e-con e-child\" data-id=\"cd9ee31\" data-element_type=\"container\" data-settings=\"{&quot;content_width&quot;:&quot;full&quot;}\">\n\t\t\t\t<div class=\"elementor-element elementor-element-d190e24 elementor-widget elementor-widget-text-editor\" data-id=\"d190e24\" data-element_type=\"widget\" data-widget_type=\"text-editor.default\">\n\t\t\t\t<div class=\"elementor-widget-container\">\n\t\t\t\t\t\t\t<p style=\"font-variant-ligatures: normal; font-variant-caps: normal; font-size: 16px; font-family: Poppins, 'Helvetica Neue', Arial, sans-serif; font-style: normal;\"><span style=\"color: #111111;\"><b>La course relais<\/b><\/span><\/p><p style=\"font-variant-ligatures: normal; font-variant-caps: normal; font-size: 16px; font-family: Poppins, 'Helvetica Neue', Arial, sans-serif; font-style: normal;\">Une sp\u00e9cificit\u00e9 du 30e que l&rsquo;on a d\u00e9cid\u00e9 de garder : le relais.<\/p><p>Formez une \u00e9quipe de 2 coureurs et partagez le parcours ! Chaque coureur effectue une boucle de 4km, de quoi \u00eatre accessible \u00e0 un plus grand nombre !<\/p><p>Les relais se font en \u00e9quipe f\u00e9minine, masculine ou mixte. Les \u00e9quipes sont class\u00e9es au classement g\u00e9n\u00e9ral, pas de temps individuel.<\/p>\t\t\t\t\t\t<\/div>\n\t\t\t\t<\/div>\n\t\t\t\t<\/div>\n\t\t\t\t\t<\/div>\n\t\t\t\t<\/div>\n\t\t<div class=\"elementor-element elementor-element-85b0a91 e-flex e-con-boxed e-con e-parent\" data-id=\"85b0a91\" data-element_type=\"container\" data-settings=\"{&quot;content_width&quot;:&quot;boxed&quot;}\" data-core-v316-plus=\"true\">\n\t\t\t\t\t<div class=\"e-con-inner\">\n\t\t<div class=\"elementor-element elementor-element-c95925e e-con-full e-flex e-con e-child\" data-id=\"c95925e\" data-element_type=\"container\" data-settings=\"{&quot;content_width&quot;:&quot;full&quot;}\">\n\t\t\t\t<div class=\"elementor-element elementor-element-c598137 elementor-widget elementor-widget-heading\" data-id=\"c598137\" data-element_type=\"widget\" data-widget_type=\"heading.default\">\n\t\t\t\t<div class=\"elementor-widget-container\">\n\t\t\t<h2 class=\"elementor-heading-title elementor-size-default\">Cat\u00e9gories 2026<\/h2>\t\t<\/div>\n\t\t\t\t<\/div>\n\t\t\t\t<div class=\"elementor-element elementor-element-0cce292 elementor-widget elementor-widget-text-editor\" data-id=\"0cce292\" data-element_type=\"widget\" data-widget_type=\"text-editor.default\">\n\t\t\t\t<div class=\"elementor-widget-container\">\n\t\t\t\t\t\t\t<p>Ci-apr\u00e8s, un aper\u00e7u des cat\u00e9gories et d\u00e9parts de la course \ud83d\udc40<\/p><p>Pour toute question, n&rsquo;h\u00e9site pas \u00e0 nous contacter : <a href=\"mailto:course@a-travers-sales.ch\">course@a-travers-sales.ch<\/a><\/p>\t\t\t\t\t\t<\/div>\n\t\t\t\t<\/div>\n\t\t\t\t<\/div>\n\t\t<div class=\"elementor-element elementor-element-b4cc8bf e-con-full e-flex e-con e-child\" data-id=\"b4cc8bf\" data-element_type=\"container\" data-settings=\"{&quot;content_width&quot;:&quot;full&quot;}\">\n\t\t\t\t<div class=\"elementor-element elementor-element-4727fce elementor-widget elementor-widget-image\" data-id=\"4727fce\" data-element_type=\"widget\" data-widget_type=\"image.default\">\n\t\t\t\t<div class=\"elementor-widget-container\">\n\t\t\t<style>\/*! elementor - v3.19.0 - 29-01-2024 *\/\n.elementor-widget-image{text-align:center}.elementor-widget-image a{display:inline-block}.elementor-widget-image a img[src$=\".svg\"]{width:48px}.elementor-widget-image img{vertical-align:middle;display:inline-block}<\/style>\t\t\t\t\t\t\t\t\t\t<img fetchpriority=\"high\" decoding=\"async\" width=\"980\" height=\"647\" src=\"https:\/\/a-travers-sales.ch\/wp-content\/uploads\/2026\/01\/categories_2026-1024x676.png\" class=\"attachment-large size-large wp-image-38239\" alt=\"\" \/>\t\t\t\t\t\t\t\t\t\t\t\t\t<\/div>\n\t\t\t\t<\/div>\n\t\t\t\t<\/div>\n\t\t\t\t\t<\/div>\n\t\t\t\t<\/div>\n\t\t\t\t<\/div>\n\t\t","protected":false},"excerpt":{"rendered":"<p>Inscriptions Les inscriptions pour la course \u00c0 Travers S\u00e2les seront ouvertes courant avril (restez connect\u00e9s sur les r\u00e9seaux !). Nous nous r\u00e9jouissons de vous compter parmi nous pour cette 31e \u00e9dition ! \ud83c\udfc3\ud83c\udffb\u200d\u2642\ufe0f (Le tableau des cat\u00e9gories figure au fond de cette page) INSCRIPTIONS Inscription des clubsPour faciliter l&rsquo;inscription des clubs, il est possible de&hellip;<\/p>\n","protected":false},"author":4,"featured_media":0,"parent":0,"menu_order":0,"comment_status":"closed","ping_status":"closed","template":"","meta":{"footnotes":""},"_links":{"self":[{"href":"https:\/\/a-travers-sales.ch\/fr\/wp-json\/wp\/v2\/pages\/37769"}],"collection":[{"href":"https:\/\/a-travers-sales.ch\/fr\/wp-json\/wp\/v2\/pages"}],"about":[{"href":"https:\/\/a-travers-sales.ch\/fr\/wp-json\/wp\/v2\/types\/page"}],"author":[{"embeddable":true,"href":"https:\/\/a-travers-sales.ch\/fr\/wp-json\/wp\/v2\/users\/4"}],"replies":[{"embeddable":true,"href":"https:\/\/a-travers-sales.ch\/fr\/wp-json\/wp\/v2\/comments?post=37769"}],"version-history":[{"count":170,"href":"https:\/\/a-travers-sales.ch\/fr\/wp-json\/wp\/v2\/pages\/37769\/revisions"}],"predecessor-version":[{"id":38443,"href":"https:\/\/a-travers-sales.ch\/fr\/wp-json\/wp\/v2\/pages\/37769\/revisions\/38443"}],"wp:attachment":[{"href":"https:\/\/a-travers-sales.ch\/fr\/wp-json\/wp\/v2\/media?parent=37769"}],"curies":[{"name":"wp","href":"https:\/\/api.w.org\/{rel}","templated":true}]}}