{"id":29098,"date":"2019-02-19T13:38:16","date_gmt":"2019-02-19T12:38:16","guid":{"rendered":"https:\/\/a-travers-sales.ch\/?page_id=29098"},"modified":"2026-02-11T10:38:21","modified_gmt":"2026-02-11T09:38:21","slug":"comite","status":"publish","type":"page","link":"https:\/\/a-travers-sales.ch\/fr\/comite\/","title":{"rendered":"Comit\u00e9"},"content":{"rendered":"\t\t<div data-elementor-type=\"wp-page\" data-elementor-id=\"29098\" class=\"elementor elementor-29098\">\n\t\t\t\t<div class=\"elementor-element elementor-element-85c0b29 e-con-full e-flex e-con e-parent\" data-id=\"85c0b29\" data-element_type=\"container\" data-settings=\"{&quot;content_width&quot;:&quot;full&quot;}\" data-core-v316-plus=\"true\">\n\t\t<div class=\"elementor-element elementor-element-ed1d19f e-con-full e-flex e-con e-child\" data-id=\"ed1d19f\" data-element_type=\"container\" data-settings=\"{&quot;content_width&quot;:&quot;full&quot;}\">\n\t\t\t\t<div class=\"elementor-element elementor-element-b6aca41 elementor-widget-mobile__width-initial elementor-widget elementor-widget-heading\" data-id=\"b6aca41\" data-element_type=\"widget\" data-widget_type=\"heading.default\">\n\t\t\t\t<div class=\"elementor-widget-container\">\n\t\t\t<style>\/*! elementor - v3.19.0 - 29-01-2024 *\/\n.elementor-heading-title{padding:0;margin:0;line-height:1}.elementor-widget-heading .elementor-heading-title[class*=elementor-size-]>a{color:inherit;font-size:inherit;line-height:inherit}.elementor-widget-heading .elementor-heading-title.elementor-size-small{font-size:15px}.elementor-widget-heading .elementor-heading-title.elementor-size-medium{font-size:19px}.elementor-widget-heading .elementor-heading-title.elementor-size-large{font-size:29px}.elementor-widget-heading .elementor-heading-title.elementor-size-xl{font-size:39px}.elementor-widget-heading .elementor-heading-title.elementor-size-xxl{font-size:59px}<\/style><h2 class=\"elementor-heading-title elementor-size-default\"><div data-id=\"1cc8ed9\" data-element_type=\"widget\" data-widget_type=\"heading.default\" style=\"font-variant-ligatures: normal; font-variant-caps: normal; font-size: 16px; font-family: Poppins, &quot;Helvetica Neue&quot;, Arial, sans-serif; font-style: normal; font-weight: 400; flex-basis: var(--flex-basis); flex-grow: var(--flex-grow); flex-shrink: var(--flex-shrink); order: var(--order); align-self: var(--align-self); flex-direction: var(--flex-direction); flex-wrap: var(--flex-wrap); justify-content: var(--justify-content); align-items: var(--align-items); align-content: var(--align-content); gap: var(--gap); --swiper-theme-color: #000; --swiper-navigation-size: 44px; --swiper-pagination-bullet-size: 6px; --swiper-pagination-bullet-horizontal-gap: 6px; --widgets-spacing: 0px 0px; max-width: 100%; color: rgb(17, 17, 17); white-space-collapse: collapse;\"><div style=\"transition: background .3s,border .3s,border-radius .3s,box-shadow .3s,transform var(--e-transform-transition-duration,.4s); height: 20px;\"><h2 style=\"font-size: 20px; font-family: Poppins, sans-serif; font-weight: 600; color: rgb(0, 0, 0);\">Pr\u00e9sentation de notre comit\u00e9<\/h2><\/div><\/div><\/h2>\t\t<\/div>\n\t\t\t\t<\/div>\n\t\t\t\t<div class=\"elementor-element elementor-element-bf87c61 elementor-widget elementor-widget-text-editor\" data-id=\"bf87c61\" data-element_type=\"widget\" data-widget_type=\"text-editor.default\">\n\t\t\t\t<div class=\"elementor-widget-container\">\n\t\t\t<style>\/*! elementor - v3.19.0 - 29-01-2024 *\/\n.elementor-widget-text-editor.elementor-drop-cap-view-stacked .elementor-drop-cap{background-color:#69727d;color:#fff}.elementor-widget-text-editor.elementor-drop-cap-view-framed .elementor-drop-cap{color:#69727d;border:3px solid;background-color:transparent}.elementor-widget-text-editor:not(.elementor-drop-cap-view-default) .elementor-drop-cap{margin-top:8px}.elementor-widget-text-editor:not(.elementor-drop-cap-view-default) .elementor-drop-cap-letter{width:1em;height:1em}.elementor-widget-text-editor .elementor-drop-cap{float:left;text-align:center;line-height:1;font-size:50px}.elementor-widget-text-editor .elementor-drop-cap-letter{display:inline-block}<\/style>\t\t\t\t<p style=\"font-variant-ligatures: normal; font-variant-caps: normal; font-size: 16px; font-family: Poppins, sans-serif; font-style: normal; font-weight: 400; color: #000000;\">Notre course est possible gr\u00e2ce \u00e0 un comit\u00e9 motiv\u00e9, travaillant dur d\u2019ann\u00e9es en ann\u00e9es&nbsp;!<\/p>\n<p style=\"font-variant-ligatures: normal; font-variant-caps: normal; font-size: 16px; font-family: Poppins, sans-serif; font-style: normal; font-weight: 400; color: #000000;\">Chacun est expert en son domaine et \u00e0 force de collaboration, nous arrivons \u00e0 organiser la meilleure course possible \ud83c\udfc3\ud83c\udffb\u200d\u2642\ufe0f<\/p>\t\t\t\t\t\t<\/div>\n\t\t\t\t<\/div>\n\t\t\t\t<\/div>\n\t\t<div class=\"elementor-element elementor-element-52c8227 e-con-full e-flex e-con e-child\" data-id=\"52c8227\" data-element_type=\"container\" data-settings=\"{&quot;content_width&quot;:&quot;full&quot;}\">\n\t\t\t\t<\/div>\n\t\t\t\t<\/div>\n\t\t<div class=\"elementor-element elementor-element-66ebc2d e-con-full e-flex e-con e-parent\" data-id=\"66ebc2d\" data-element_type=\"container\" data-settings=\"{&quot;content_width&quot;:&quot;full&quot;}\" data-core-v316-plus=\"true\">\n\t\t<div class=\"elementor-element elementor-element-87a21ae e-con-full e-flex e-con e-child\" data-id=\"87a21ae\" data-element_type=\"container\" data-settings=\"{&quot;content_width&quot;:&quot;full&quot;}\">\n\t\t\t\t<div class=\"elementor-element elementor-element-fe26950 elementor-view-stacked elementor-shape-circle elementor-position-top elementor-mobile-position-top elementor-widget elementor-widget-icon-box\" data-id=\"fe26950\" data-element_type=\"widget\" data-widget_type=\"icon-box.default\">\n\t\t\t\t<div class=\"elementor-widget-container\">\n\t\t\t<link rel=\"stylesheet\" href=\"https:\/\/a-travers-sales.ch\/wp-content\/plugins\/elementor\/assets\/css\/widget-icon-box.min.css\">\t\t<div class=\"elementor-icon-box-wrapper\">\n\t\t\t\t\t\t<div class=\"elementor-icon-box-icon\">\n\t\t\t\t<span  class=\"elementor-icon elementor-animation-\">\n\t\t\t\t<svg aria-hidden=\"true\" class=\"e-font-icon-svg e-fas-running\" viewBox=\"0 0 416 512\" xmlns=\"http:\/\/www.w3.org\/2000\/svg\"><path d=\"M272 96c26.51 0 48-21.49 48-48S298.51 0 272 0s-48 21.49-48 48 21.49 48 48 48zM113.69 317.47l-14.8 34.52H32c-17.67 0-32 14.33-32 32s14.33 32 32 32h77.45c19.25 0 36.58-11.44 44.11-29.09l8.79-20.52-10.67-6.3c-17.32-10.23-30.06-25.37-37.99-42.61zM384 223.99h-44.03l-26.06-53.25c-12.5-25.55-35.45-44.23-61.78-50.94l-71.08-21.14c-28.3-6.8-57.77-.55-80.84 17.14l-39.67 30.41c-14.03 10.75-16.69 30.83-5.92 44.86s30.84 16.66 44.86 5.92l39.69-30.41c7.67-5.89 17.44-8 25.27-6.14l14.7 4.37-37.46 87.39c-12.62 29.48-1.31 64.01 26.3 80.31l84.98 50.17-27.47 87.73c-5.28 16.86 4.11 34.81 20.97 40.09 3.19 1 6.41 1.48 9.58 1.48 13.61 0 26.23-8.77 30.52-22.45l31.64-101.06c5.91-20.77-2.89-43.08-21.64-54.39l-61.24-36.14 31.31-78.28 20.27 41.43c8 16.34 24.92 26.89 43.11 26.89H384c17.67 0 32-14.33 32-32s-14.33-31.99-32-31.99z\"><\/path><\/svg>\t\t\t\t<\/span>\n\t\t\t<\/div>\n\t\t\t\t\t\t<div class=\"elementor-icon-box-content\">\n\t\t\t\t<h3 class=\"elementor-icon-box-title\">\n\t\t\t\t\t<span  >\n\t\t\t\t\t\tSt\u00e9phane Mauron\t\t\t\t\t<\/span>\n\t\t\t\t<\/h3>\n\t\t\t\t\t\t\t\t\t<p class=\"elementor-icon-box-description\">\n\t\t\t\t\t\tPr\u00e9sidence<br>Chronom\u00e9trage<br>Sponsors \u2014 Speaker<br>Radio \u2014 Communications<br>S\u00e9curit\u00e9 \u2014 Infirmerie\t\t\t\t\t<\/p>\n\t\t\t\t\t\t\t<\/div>\n\t\t<\/div>\n\t\t\t\t<\/div>\n\t\t\t\t<\/div>\n\t\t\t\t<\/div>\n\t\t<div class=\"elementor-element elementor-element-a8fe6e9 e-con-full e-flex e-con e-child\" data-id=\"a8fe6e9\" data-element_type=\"container\" data-settings=\"{&quot;content_width&quot;:&quot;full&quot;}\">\n\t\t\t\t<div class=\"elementor-element elementor-element-a252cb5 elementor-view-stacked elementor-shape-circle elementor-position-top elementor-mobile-position-top elementor-widget elementor-widget-icon-box\" data-id=\"a252cb5\" data-element_type=\"widget\" data-widget_type=\"icon-box.default\">\n\t\t\t\t<div class=\"elementor-widget-container\">\n\t\t\t\t\t<div class=\"elementor-icon-box-wrapper\">\n\t\t\t\t\t\t<div class=\"elementor-icon-box-icon\">\n\t\t\t\t<span  class=\"elementor-icon elementor-animation-\">\n\t\t\t\t<svg aria-hidden=\"true\" class=\"e-font-icon-svg e-fas-cash-register\" viewBox=\"0 0 512 512\" xmlns=\"http:\/\/www.w3.org\/2000\/svg\"><path d=\"M511.1 378.8l-26.7-160c-2.6-15.4-15.9-26.7-31.6-26.7H208v-64h96c8.8 0 16-7.2 16-16V16c0-8.8-7.2-16-16-16H48c-8.8 0-16 7.2-16 16v96c0 8.8 7.2 16 16 16h96v64H59.1c-15.6 0-29 11.3-31.6 26.7L.8 378.7c-.6 3.5-.9 7-.9 10.5V480c0 17.7 14.3 32 32 32h448c17.7 0 32-14.3 32-32v-90.7c.1-3.5-.2-7-.8-10.5zM280 248c0-8.8 7.2-16 16-16h16c8.8 0 16 7.2 16 16v16c0 8.8-7.2 16-16 16h-16c-8.8 0-16-7.2-16-16v-16zm-32 64h16c8.8 0 16 7.2 16 16v16c0 8.8-7.2 16-16 16h-16c-8.8 0-16-7.2-16-16v-16c0-8.8 7.2-16 16-16zm-32-80c8.8 0 16 7.2 16 16v16c0 8.8-7.2 16-16 16h-16c-8.8 0-16-7.2-16-16v-16c0-8.8 7.2-16 16-16h16zM80 80V48h192v32H80zm40 200h-16c-8.8 0-16-7.2-16-16v-16c0-8.8 7.2-16 16-16h16c8.8 0 16 7.2 16 16v16c0 8.8-7.2 16-16 16zm16 64v-16c0-8.8 7.2-16 16-16h16c8.8 0 16 7.2 16 16v16c0 8.8-7.2 16-16 16h-16c-8.8 0-16-7.2-16-16zm216 112c0 4.4-3.6 8-8 8H168c-4.4 0-8-3.6-8-8v-16c0-4.4 3.6-8 8-8h176c4.4 0 8 3.6 8 8v16zm24-112c0 8.8-7.2 16-16 16h-16c-8.8 0-16-7.2-16-16v-16c0-8.8 7.2-16 16-16h16c8.8 0 16 7.2 16 16v16zm48-80c0 8.8-7.2 16-16 16h-16c-8.8 0-16-7.2-16-16v-16c0-8.8 7.2-16 16-16h16c8.8 0 16 7.2 16 16v16z\"><\/path><\/svg>\t\t\t\t<\/span>\n\t\t\t<\/div>\n\t\t\t\t\t\t<div class=\"elementor-icon-box-content\">\n\t\t\t\t<h3 class=\"elementor-icon-box-title\">\n\t\t\t\t\t<span  >\n\t\t\t\t\t\tEl\u00e9onore Pasquier\t\t\t\t\t<\/span>\n\t\t\t\t<\/h3>\n\t\t\t\t\t\t\t\t\t<p class=\"elementor-icon-box-description\">\n\t\t\t\t\t\tCaisse<br>Facturation\t\t\t\t\t<\/p>\n\t\t\t\t\t\t\t<\/div>\n\t\t<\/div>\n\t\t\t\t<\/div>\n\t\t\t\t<\/div>\n\t\t\t\t<\/div>\n\t\t<div class=\"elementor-element elementor-element-b5e18b3 e-con-full e-flex e-con e-child\" data-id=\"b5e18b3\" data-element_type=\"container\" data-settings=\"{&quot;content_width&quot;:&quot;full&quot;}\">\n\t\t\t\t<div class=\"elementor-element elementor-element-a4f0010 elementor-view-stacked elementor-shape-circle elementor-position-top elementor-mobile-position-top elementor-widget elementor-widget-icon-box\" data-id=\"a4f0010\" data-element_type=\"widget\" data-widget_type=\"icon-box.default\">\n\t\t\t\t<div class=\"elementor-widget-container\">\n\t\t\t\t\t<div class=\"elementor-icon-box-wrapper\">\n\t\t\t\t\t\t<div class=\"elementor-icon-box-icon\">\n\t\t\t\t<span  class=\"elementor-icon elementor-animation-\">\n\t\t\t\t<svg aria-hidden=\"true\" class=\"e-font-icon-svg e-fas-hotdog\" viewBox=\"0 0 512 512\" xmlns=\"http:\/\/www.w3.org\/2000\/svg\"><path d=\"M488.56 23.44a80 80 0 0 0-113.12 0l-352 352a80 80 0 1 0 113.12 113.12l352-352a80 80 0 0 0 0-113.12zm-49.93 95.19c-19.6 19.59-37.52 22.67-51.93 25.14C373.76 146 364.4 147.6 352 160s-14 21.76-16.23 34.71c-2.48 14.4-5.55 32.33-25.15 51.92s-37.52 22.67-51.92 25.15C245.75 274 236.4 275.6 224 288s-14 21.75-16.23 34.7c-2.47 14.4-5.54 32.33-25.14 51.92s-37.53 22.68-51.93 25.15C117.76 402 108.4 403.6 96 416a16 16 0 0 1-22.63-22.63c19.6-19.59 37.52-22.67 51.92-25.14 13-2.22 22.3-3.82 34.71-16.23s14-21.75 16.22-34.7c2.48-14.4 5.55-32.33 25.15-51.92s37.52-22.67 51.92-25.14c13-2.22 22.3-3.83 34.7-16.23s14-21.76 16.24-34.71c2.47-14.4 5.54-32.33 25.14-51.92s37.52-22.68 51.92-25.15C394.24 110 403.59 108.41 416 96a16 16 0 0 1 22.63 22.63zM31.44 322.18L322.18 31.44l-11.54-11.55c-25-25-63.85-26.66-86.79-3.72L16.17 223.85c-22.94 22.94-21.27 61.79 3.72 86.78zm449.12-132.36L189.82 480.56l11.54 11.55c25 25 63.85 26.66 86.79 3.72l207.68-207.68c22.94-22.94 21.27-61.79-3.72-86.79z\"><\/path><\/svg>\t\t\t\t<\/span>\n\t\t\t<\/div>\n\t\t\t\t\t\t<div class=\"elementor-icon-box-content\">\n\t\t\t\t<h3 class=\"elementor-icon-box-title\">\n\t\t\t\t\t<span  >\n\t\t\t\t\t\tPierre Moret\t\t\t\t\t<\/span>\n\t\t\t\t<\/h3>\n\t\t\t\t\t\t\t\t\t<p class=\"elementor-icon-box-description\">\n\t\t\t\t\t\tSubsistance<br>Cuisine\t\t\t\t\t<\/p>\n\t\t\t\t\t\t\t<\/div>\n\t\t<\/div>\n\t\t\t\t<\/div>\n\t\t\t\t<\/div>\n\t\t\t\t<\/div>\n\t\t<div class=\"elementor-element elementor-element-c8d775a e-con-full e-flex e-con e-child\" data-id=\"c8d775a\" data-element_type=\"container\" data-settings=\"{&quot;content_width&quot;:&quot;full&quot;}\">\n\t\t\t\t<div class=\"elementor-element elementor-element-8d20aae elementor-view-stacked elementor-shape-circle elementor-position-top elementor-mobile-position-top elementor-widget elementor-widget-icon-box\" data-id=\"8d20aae\" data-element_type=\"widget\" data-widget_type=\"icon-box.default\">\n\t\t\t\t<div class=\"elementor-widget-container\">\n\t\t\t\t\t<div class=\"elementor-icon-box-wrapper\">\n\t\t\t\t\t\t<div class=\"elementor-icon-box-icon\">\n\t\t\t\t<span  class=\"elementor-icon elementor-animation-\">\n\t\t\t\t<svg aria-hidden=\"true\" class=\"e-font-icon-svg e-fas-glass-whiskey\" viewBox=\"0 0 512 512\" xmlns=\"http:\/\/www.w3.org\/2000\/svg\"><path d=\"M480 32H32C12.5 32-2.4 49.2.3 68.5l56 356.5c4.5 31.5 31.5 54.9 63.4 54.9h273c31.8 0 58.9-23.4 63.4-54.9l55.6-356.5C514.4 49.2 499.5 32 480 32zm-37.4 64l-30 192h-313L69.4 96h373.2z\"><\/path><\/svg>\t\t\t\t<\/span>\n\t\t\t<\/div>\n\t\t\t\t\t\t<div class=\"elementor-icon-box-content\">\n\t\t\t\t<h3 class=\"elementor-icon-box-title\">\n\t\t\t\t\t<span  >\n\t\t\t\t\t\tMicha\u00ebl Vigna\t\t\t\t\t<\/span>\n\t\t\t\t<\/h3>\n\t\t\t\t\t\t\t\t\t<p class=\"elementor-icon-box-description\">\n\t\t\t\t\t\tBoissons \u2014 Bar<br>Ravitaillement<br>Animation \u2014 Sono\t\t\t\t\t<\/p>\n\t\t\t\t\t\t\t<\/div>\n\t\t<\/div>\n\t\t\t\t<\/div>\n\t\t\t\t<\/div>\n\t\t\t\t<\/div>\n\t\t<div class=\"elementor-element elementor-element-15a192e e-con-full e-flex e-con e-child\" data-id=\"15a192e\" data-element_type=\"container\" data-settings=\"{&quot;content_width&quot;:&quot;full&quot;}\">\n\t\t\t\t<div class=\"elementor-element elementor-element-f263eef elementor-view-stacked elementor-shape-circle elementor-position-top elementor-mobile-position-top elementor-widget elementor-widget-icon-box\" data-id=\"f263eef\" data-element_type=\"widget\" data-widget_type=\"icon-box.default\">\n\t\t\t\t<div class=\"elementor-widget-container\">\n\t\t\t\t\t<div class=\"elementor-icon-box-wrapper\">\n\t\t\t\t\t\t<div class=\"elementor-icon-box-icon\">\n\t\t\t\t<span  class=\"elementor-icon elementor-animation-\">\n\t\t\t\t<svg aria-hidden=\"true\" class=\"e-font-icon-svg e-fas-route\" viewBox=\"0 0 512 512\" xmlns=\"http:\/\/www.w3.org\/2000\/svg\"><path d=\"M416 320h-96c-17.6 0-32-14.4-32-32s14.4-32 32-32h96s96-107 96-160-43-96-96-96-96 43-96 96c0 25.5 22.2 63.4 45.3 96H320c-52.9 0-96 43.1-96 96s43.1 96 96 96h96c17.6 0 32 14.4 32 32s-14.4 32-32 32H185.5c-16 24.8-33.8 47.7-47.3 64H416c52.9 0 96-43.1 96-96s-43.1-96-96-96zm0-256c17.7 0 32 14.3 32 32s-14.3 32-32 32-32-14.3-32-32 14.3-32 32-32zM96 256c-53 0-96 43-96 96s96 160 96 160 96-107 96-160-43-96-96-96zm0 128c-17.7 0-32-14.3-32-32s14.3-32 32-32 32 14.3 32 32-14.3 32-32 32z\"><\/path><\/svg>\t\t\t\t<\/span>\n\t\t\t<\/div>\n\t\t\t\t\t\t<div class=\"elementor-icon-box-content\">\n\t\t\t\t<h3 class=\"elementor-icon-box-title\">\n\t\t\t\t\t<span  >\n\t\t\t\t\t\tGilles Gobet\t\t\t\t\t<\/span>\n\t\t\t\t<\/h3>\n\t\t\t\t\t\t\t\t\t<p class=\"elementor-icon-box-description\">\n\t\t\t\t\t\tParcours<br>Parc<br>Construction\t\t\t\t\t<\/p>\n\t\t\t\t\t\t\t<\/div>\n\t\t<\/div>\n\t\t\t\t<\/div>\n\t\t\t\t<\/div>\n\t\t\t\t<\/div>\n\t\t\t\t<\/div>\n\t\t<div class=\"elementor-element elementor-element-029fdcd e-flex e-con-boxed e-con e-parent\" data-id=\"029fdcd\" data-element_type=\"container\" data-settings=\"{&quot;content_width&quot;:&quot;boxed&quot;}\" data-core-v316-plus=\"true\">\n\t\t\t\t\t<div class=\"e-con-inner\">\n\t\t<div class=\"elementor-element elementor-element-c246b66 e-con-full e-flex e-con e-child\" data-id=\"c246b66\" data-element_type=\"container\" data-settings=\"{&quot;content_width&quot;:&quot;full&quot;}\">\n\t\t\t\t<div class=\"elementor-element elementor-element-75096f6 elementor-view-stacked elementor-shape-circle elementor-position-top elementor-mobile-position-top elementor-widget elementor-widget-icon-box\" data-id=\"75096f6\" data-element_type=\"widget\" data-widget_type=\"icon-box.default\">\n\t\t\t\t<div class=\"elementor-widget-container\">\n\t\t\t\t\t<div class=\"elementor-icon-box-wrapper\">\n\t\t\t\t\t\t<div class=\"elementor-icon-box-icon\">\n\t\t\t\t<span  class=\"elementor-icon elementor-animation-\">\n\t\t\t\t<svg aria-hidden=\"true\" class=\"e-font-icon-svg e-fas-hand-holding-heart\" viewBox=\"0 0 576 512\" xmlns=\"http:\/\/www.w3.org\/2000\/svg\"><path d=\"M275.3 250.5c7 7.4 18.4 7.4 25.5 0l108.9-114.2c31.6-33.2 29.8-88.2-5.6-118.8-30.8-26.7-76.7-21.9-104.9 7.7L288 36.9l-11.1-11.6C248.7-4.4 202.8-9.2 172 17.5c-35.3 30.6-37.2 85.6-5.6 118.8l108.9 114.2zm290 77.6c-11.8-10.7-30.2-10-42.6 0L430.3 402c-11.3 9.1-25.4 14-40 14H272c-8.8 0-16-7.2-16-16s7.2-16 16-16h78.3c15.9 0 30.7-10.9 33.3-26.6 3.3-20-12.1-37.4-31.6-37.4H192c-27 0-53.1 9.3-74.1 26.3L71.4 384H16c-8.8 0-16 7.2-16 16v96c0 8.8 7.2 16 16 16h356.8c14.5 0 28.6-4.9 40-14L564 377c15.2-12.1 16.4-35.3 1.3-48.9z\"><\/path><\/svg>\t\t\t\t<\/span>\n\t\t\t<\/div>\n\t\t\t\t\t\t<div class=\"elementor-icon-box-content\">\n\t\t\t\t<h3 class=\"elementor-icon-box-title\">\n\t\t\t\t\t<span  >\n\t\t\t\t\t\tL\u00e9onie Menoud\t\t\t\t\t<\/span>\n\t\t\t\t<\/h3>\n\t\t\t\t\t\t\t\t\t<p class=\"elementor-icon-box-description\">\n\t\t\t\t\t\tB\u00e9n\u00e9voles<br>Accueil \u2014&nbsp;Information<br>G\u00e2teaux\t\t\t\t\t<\/p>\n\t\t\t\t\t\t\t<\/div>\n\t\t<\/div>\n\t\t\t\t<\/div>\n\t\t\t\t<\/div>\n\t\t\t\t<\/div>\n\t\t<div class=\"elementor-element elementor-element-dcb308d e-con-full e-flex e-con e-child\" data-id=\"dcb308d\" data-element_type=\"container\" data-settings=\"{&quot;content_width&quot;:&quot;full&quot;}\">\n\t\t\t\t<div class=\"elementor-element elementor-element-b692283 elementor-view-stacked elementor-shape-circle elementor-position-top elementor-mobile-position-top elementor-widget elementor-widget-icon-box\" data-id=\"b692283\" data-element_type=\"widget\" data-widget_type=\"icon-box.default\">\n\t\t\t\t<div class=\"elementor-widget-container\">\n\t\t\t\t\t<div class=\"elementor-icon-box-wrapper\">\n\t\t\t\t\t\t<div class=\"elementor-icon-box-icon\">\n\t\t\t\t<span  class=\"elementor-icon elementor-animation-\">\n\t\t\t\t<svg aria-hidden=\"true\" class=\"e-font-icon-svg e-far-keyboard\" viewBox=\"0 0 576 512\" xmlns=\"http:\/\/www.w3.org\/2000\/svg\"><path d=\"M528 64H48C21.49 64 0 85.49 0 112v288c0 26.51 21.49 48 48 48h480c26.51 0 48-21.49 48-48V112c0-26.51-21.49-48-48-48zm8 336c0 4.411-3.589 8-8 8H48c-4.411 0-8-3.589-8-8V112c0-4.411 3.589-8 8-8h480c4.411 0 8 3.589 8 8v288zM170 270v-28c0-6.627-5.373-12-12-12h-28c-6.627 0-12 5.373-12 12v28c0 6.627 5.373 12 12 12h28c6.627 0 12-5.373 12-12zm96 0v-28c0-6.627-5.373-12-12-12h-28c-6.627 0-12 5.373-12 12v28c0 6.627 5.373 12 12 12h28c6.627 0 12-5.373 12-12zm96 0v-28c0-6.627-5.373-12-12-12h-28c-6.627 0-12 5.373-12 12v28c0 6.627 5.373 12 12 12h28c6.627 0 12-5.373 12-12zm96 0v-28c0-6.627-5.373-12-12-12h-28c-6.627 0-12 5.373-12 12v28c0 6.627 5.373 12 12 12h28c6.627 0 12-5.373 12-12zm-336 82v-28c0-6.627-5.373-12-12-12H82c-6.627 0-12 5.373-12 12v28c0 6.627 5.373 12 12 12h28c6.627 0 12-5.373 12-12zm384 0v-28c0-6.627-5.373-12-12-12h-28c-6.627 0-12 5.373-12 12v28c0 6.627 5.373 12 12 12h28c6.627 0 12-5.373 12-12zM122 188v-28c0-6.627-5.373-12-12-12H82c-6.627 0-12 5.373-12 12v28c0 6.627 5.373 12 12 12h28c6.627 0 12-5.373 12-12zm96 0v-28c0-6.627-5.373-12-12-12h-28c-6.627 0-12 5.373-12 12v28c0 6.627 5.373 12 12 12h28c6.627 0 12-5.373 12-12zm96 0v-28c0-6.627-5.373-12-12-12h-28c-6.627 0-12 5.373-12 12v28c0 6.627 5.373 12 12 12h28c6.627 0 12-5.373 12-12zm96 0v-28c0-6.627-5.373-12-12-12h-28c-6.627 0-12 5.373-12 12v28c0 6.627 5.373 12 12 12h28c6.627 0 12-5.373 12-12zm96 0v-28c0-6.627-5.373-12-12-12h-28c-6.627 0-12 5.373-12 12v28c0 6.627 5.373 12 12 12h28c6.627 0 12-5.373 12-12zm-98 158v-16c0-6.627-5.373-12-12-12H180c-6.627 0-12 5.373-12 12v16c0 6.627 5.373 12 12 12h216c6.627 0 12-5.373 12-12z\"><\/path><\/svg>\t\t\t\t<\/span>\n\t\t\t<\/div>\n\t\t\t\t\t\t<div class=\"elementor-icon-box-content\">\n\t\t\t\t<h3 class=\"elementor-icon-box-title\">\n\t\t\t\t\t<span  >\n\t\t\t\t\t\tElla Pasquier\t\t\t\t\t<\/span>\n\t\t\t\t<\/h3>\n\t\t\t\t\t\t\t\t\t<p class=\"elementor-icon-box-description\">\n\t\t\t\t\t\tMarketing<br>Flyers \u2014 Libretto<br>Communication<br>Inscriptions\t\t\t\t\t<\/p>\n\t\t\t\t\t\t\t<\/div>\n\t\t<\/div>\n\t\t\t\t<\/div>\n\t\t\t\t<\/div>\n\t\t\t\t<\/div>\n\t\t<div class=\"elementor-element elementor-element-11afb4f e-con-full e-flex e-con e-child\" data-id=\"11afb4f\" data-element_type=\"container\" data-settings=\"{&quot;content_width&quot;:&quot;full&quot;}\">\n\t\t\t\t<div class=\"elementor-element elementor-element-1c59d77 elementor-view-stacked elementor-shape-circle elementor-position-top elementor-mobile-position-top elementor-widget elementor-widget-icon-box\" data-id=\"1c59d77\" data-element_type=\"widget\" data-widget_type=\"icon-box.default\">\n\t\t\t\t<div class=\"elementor-widget-container\">\n\t\t\t\t\t<div class=\"elementor-icon-box-wrapper\">\n\t\t\t\t\t\t<div class=\"elementor-icon-box-icon\">\n\t\t\t\t<span  class=\"elementor-icon elementor-animation-\">\n\t\t\t\t<svg aria-hidden=\"true\" class=\"e-font-icon-svg e-fas-trophy\" viewBox=\"0 0 576 512\" xmlns=\"http:\/\/www.w3.org\/2000\/svg\"><path d=\"M552 64H448V24c0-13.3-10.7-24-24-24H152c-13.3 0-24 10.7-24 24v40H24C10.7 64 0 74.7 0 88v56c0 35.7 22.5 72.4 61.9 100.7 31.5 22.7 69.8 37.1 110 41.7C203.3 338.5 240 360 240 360v72h-48c-35.3 0-64 20.7-64 56v12c0 6.6 5.4 12 12 12h296c6.6 0 12-5.4 12-12v-12c0-35.3-28.7-56-64-56h-48v-72s36.7-21.5 68.1-73.6c40.3-4.6 78.6-19 110-41.7 39.3-28.3 61.9-65 61.9-100.7V88c0-13.3-10.7-24-24-24zM99.3 192.8C74.9 175.2 64 155.6 64 144v-16h64.2c1 32.6 5.8 61.2 12.8 86.2-15.1-5.2-29.2-12.4-41.7-21.4zM512 144c0 16.1-17.7 36.1-35.3 48.8-12.5 9-26.7 16.2-41.8 21.4 7-25 11.8-53.6 12.8-86.2H512v16z\"><\/path><\/svg>\t\t\t\t<\/span>\n\t\t\t<\/div>\n\t\t\t\t\t\t<div class=\"elementor-icon-box-content\">\n\t\t\t\t<h3 class=\"elementor-icon-box-title\">\n\t\t\t\t\t<span  >\n\t\t\t\t\t\tZo\u00e9 Brodard\t\t\t\t\t<\/span>\n\t\t\t\t<\/h3>\n\t\t\t\t\t\t\t\t\t<p class=\"elementor-icon-box-description\">\n\t\t\t\t\t\tPrix<br>R\u00e9sultats<br>Coordination des prix\t\t\t\t\t<\/p>\n\t\t\t\t\t\t\t<\/div>\n\t\t<\/div>\n\t\t\t\t<\/div>\n\t\t\t\t<\/div>\n\t\t\t\t<\/div>\n\t\t<div class=\"elementor-element elementor-element-f91cb9e e-con-full e-flex e-con e-child\" data-id=\"f91cb9e\" data-element_type=\"container\" data-settings=\"{&quot;content_width&quot;:&quot;full&quot;}\">\n\t\t\t\t<div class=\"elementor-element elementor-element-58304f7 elementor-view-stacked elementor-shape-circle elementor-position-top elementor-mobile-position-top elementor-widget elementor-widget-icon-box\" data-id=\"58304f7\" data-element_type=\"widget\" data-widget_type=\"icon-box.default\">\n\t\t\t\t<div class=\"elementor-widget-container\">\n\t\t\t\t\t<div class=\"elementor-icon-box-wrapper\">\n\t\t\t\t\t\t<div class=\"elementor-icon-box-icon\">\n\t\t\t\t<span  class=\"elementor-icon elementor-animation-\">\n\t\t\t\t<svg aria-hidden=\"true\" class=\"e-font-icon-svg e-far-clipboard\" viewBox=\"0 0 384 512\" xmlns=\"http:\/\/www.w3.org\/2000\/svg\"><path d=\"M336 64h-80c0-35.3-28.7-64-64-64s-64 28.7-64 64H48C21.5 64 0 85.5 0 112v352c0 26.5 21.5 48 48 48h288c26.5 0 48-21.5 48-48V112c0-26.5-21.5-48-48-48zM192 40c13.3 0 24 10.7 24 24s-10.7 24-24 24-24-10.7-24-24 10.7-24 24-24zm144 418c0 3.3-2.7 6-6 6H54c-3.3 0-6-2.7-6-6V118c0-3.3 2.7-6 6-6h42v36c0 6.6 5.4 12 12 12h168c6.6 0 12-5.4 12-12v-36h42c3.3 0 6 2.7 6 6z\"><\/path><\/svg>\t\t\t\t<\/span>\n\t\t\t<\/div>\n\t\t\t\t\t\t<div class=\"elementor-icon-box-content\">\n\t\t\t\t<h3 class=\"elementor-icon-box-title\">\n\t\t\t\t\t<span  >\n\t\t\t\t\t\tJulie Castella\t\t\t\t\t<\/span>\n\t\t\t\t<\/h3>\n\t\t\t\t\t\t\t\t\t<p class=\"elementor-icon-box-description\">\n\t\t\t\t\t\tSecr\u00e9tatiat<br>Invitations<br>Autorisations<br>Remerciements\t\t\t\t\t<\/p>\n\t\t\t\t\t\t\t<\/div>\n\t\t<\/div>\n\t\t\t\t<\/div>\n\t\t\t\t<\/div>\n\t\t\t\t<\/div>\n\t\t<div class=\"elementor-element elementor-element-c5bfa4c e-con-full e-flex e-con e-child\" data-id=\"c5bfa4c\" data-element_type=\"container\" data-settings=\"{&quot;content_width&quot;:&quot;full&quot;}\">\n\t\t\t\t<\/div>\n\t\t\t\t\t<\/div>\n\t\t\t\t<\/div>\n\t\t<div class=\"elementor-element elementor-element-267fdd9 e-flex e-con-boxed e-con e-parent\" data-id=\"267fdd9\" data-element_type=\"container\" data-settings=\"{&quot;content_width&quot;:&quot;boxed&quot;}\" data-core-v316-plus=\"true\">\n\t\t\t\t\t<div class=\"e-con-inner\">\n\t\t\t\t\t<\/div>\n\t\t\t\t<\/div>\n\t\t\t\t<\/div>\n\t\t","protected":false},"excerpt":{"rendered":"<p>Pr\u00e9sentation de notre comit\u00e9 Notre course est possible gr\u00e2ce \u00e0 un comit\u00e9 motiv\u00e9, travaillant dur d\u2019ann\u00e9es en ann\u00e9es&nbsp;! Chacun est expert en son domaine et \u00e0 force de collaboration, nous arrivons \u00e0 organiser la meilleure course possible \ud83c\udfc3\ud83c\udffb\u200d\u2642\ufe0f St\u00e9phane Mauron Pr\u00e9sidenceChronom\u00e9trageSponsors \u2014 SpeakerRadio \u2014 CommunicationsS\u00e9curit\u00e9 \u2014 Infirmerie El\u00e9onore Pasquier CaisseFacturation Pierre Moret SubsistanceCuisine Micha\u00ebl Vigna&hellip;<\/p>\n","protected":false},"author":1,"featured_media":0,"parent":0,"menu_order":0,"comment_status":"closed","ping_status":"closed","template":"","meta":{"footnotes":""},"_links":{"self":[{"href":"https:\/\/a-travers-sales.ch\/fr\/wp-json\/wp\/v2\/pages\/29098"}],"collection":[{"href":"https:\/\/a-travers-sales.ch\/fr\/wp-json\/wp\/v2\/pages"}],"about":[{"href":"https:\/\/a-travers-sales.ch\/fr\/wp-json\/wp\/v2\/types\/page"}],"author":[{"embeddable":true,"href":"https:\/\/a-travers-sales.ch\/fr\/wp-json\/wp\/v2\/users\/1"}],"replies":[{"embeddable":true,"href":"https:\/\/a-travers-sales.ch\/fr\/wp-json\/wp\/v2\/comments?post=29098"}],"version-history":[{"count":120,"href":"https:\/\/a-travers-sales.ch\/fr\/wp-json\/wp\/v2\/pages\/29098\/revisions"}],"predecessor-version":[{"id":38287,"href":"https:\/\/a-travers-sales.ch\/fr\/wp-json\/wp\/v2\/pages\/29098\/revisions\/38287"}],"wp:attachment":[{"href":"https:\/\/a-travers-sales.ch\/fr\/wp-json\/wp\/v2\/media?parent=29098"}],"curies":[{"name":"wp","href":"https:\/\/api.w.org\/{rel}","templated":true}]}}